{"id":4049,"date":"2025-11-04T10:51:00","date_gmt":"2025-11-04T10:51:00","guid":{"rendered":"https:\/\/prestigeyachtclub.com\/?page_id=4049"},"modified":"2025-12-26T09:48:34","modified_gmt":"2025-12-26T09:48:34","slug":"hirlevel","status":"publish","type":"page","link":"https:\/\/prestigeyachtclub.com\/en\/hirlevel\/","title":{"rendered":"Newsletter"},"content":{"rendered":"<div data-elementor-type=\"wp-page\" data-elementor-id=\"4049\" class=\"elementor elementor-4049\" data-elementor-post-type=\"page\">\n\t\t\t\t<div class=\"elementor-element elementor-element-4ff39a66 main_container custom-container main-banner-height e-con-full e-flex e-con e-parent\" data-id=\"4ff39a66\" data-element_type=\"container\" data-settings=\"{&quot;background_background&quot;:&quot;classic&quot;}\">\n\t\t<div class=\"elementor-element elementor-element-61ea315 e-con-full e-flex e-con e-child\" data-id=\"61ea315\" data-element_type=\"container\" data-settings=\"{&quot;background_background&quot;:&quot;classic&quot;,&quot;position&quot;:&quot;absolute&quot;}\">\n\t\t\t\t<\/div>\n\t\t\t\t<div class=\"elementor-element elementor-element-4437cd47 elementor-widget-widescreen__width-initial elementor-widget elementor-widget-image\" data-id=\"4437cd47\" data-element_type=\"widget\" data-widget_type=\"image.default\">\n\t\t\t\t<div class=\"elementor-widget-container\">\n\t\t\t\t\t\t\t\t\t\t\t\t\t\t\t<img fetchpriority=\"high\" decoding=\"async\" width=\"600\" height=\"600\" src=\"https:\/\/prestigeyachtclub.com\/wp-content\/uploads\/2025\/08\/1.png\" class=\"attachment-full size-full wp-image-2233\" alt=\"\" srcset=\"https:\/\/prestigeyachtclub.com\/wp-content\/uploads\/2025\/08\/1.png 600w, https:\/\/prestigeyachtclub.com\/wp-content\/uploads\/2025\/08\/1-300x300.png 300w, https:\/\/prestigeyachtclub.com\/wp-content\/uploads\/2025\/08\/1-150x150.png 150w, https:\/\/prestigeyachtclub.com\/wp-content\/uploads\/2025\/08\/1-200x200.png 200w\" sizes=\"(max-width: 600px) 100vw, 600px\" \/>\t\t\t\t\t\t\t\t\t\t\t\t\t\t\t<\/div>\n\t\t\t\t<\/div>\n\t\t\t\t<div class=\"elementor-element elementor-element-3333126e elementor-widget elementor-widget-heading\" data-id=\"3333126e\" data-element_type=\"widget\" data-widget_type=\"heading.default\">\n\t\t\t\t<div class=\"elementor-widget-container\">\n\t\t\t\t\t<h1 class=\"elementor-heading-title elementor-size-default\">H\u00cdRLEV\u00c9L<\/h1>\t\t\t\t<\/div>\n\t\t\t\t<\/div>\n\t\t\t\t<\/div>\n\t\t<div class=\"elementor-element elementor-element-20ef213e oneMore main_container custom-container sec-height bg-animated-image revrse-container e-con-full e-flex e-con e-parent\" data-id=\"20ef213e\" data-element_type=\"container\">\n\t\t<div class=\"elementor-element elementor-element-6c38d214 e-con-full e-flex e-con e-child\" data-id=\"6c38d214\" data-element_type=\"container\" data-settings=\"{&quot;background_background&quot;:&quot;classic&quot;}\">\n\t\t\t\t<div class=\"elementor-element elementor-element-337160c4 elementor-widget__width-auto tit elementor-widget-laptop__width-initial elementor-invisible elementor-widget elementor-widget-heading\" data-id=\"337160c4\" data-element_type=\"widget\" data-settings=\"{&quot;_animation&quot;:&quot;fadeInRight&quot;}\" data-widget_type=\"heading.default\">\n\t\t\t\t<div class=\"elementor-widget-container\">\n\t\t\t\t\t<h2 class=\"elementor-heading-title elementor-size-default\">KEDVES HAJ\u00d3S BAR\u00c1TAINK!\n<\/h2>\t\t\t\t<\/div>\n\t\t\t\t<\/div>\n\t\t\t\t<div class=\"elementor-element elementor-element-48ebe021 pra_min_sc elementor-widget__width-initial elementor-widget elementor-widget-text-editor\" data-id=\"48ebe021\" data-element_type=\"widget\" data-widget_type=\"text-editor.default\">\n\t\t\t\t<div class=\"elementor-widget-container\">\n\t\t\t\t\t\t\t\t\t<p>Az \u00e9v v\u00e9g\u00e9hez k\u00f6zeledve szeretn\u00e9nk megk\u00f6sz\u00f6nni bizalmukat \u00e9s t\u00e1mogat\u00e1sukat, amellyel id\u00e9n is megtisztelt\u00e9k klubunkat. Rem\u00e9lj\u00fck, hogy az elm\u00falt \u00e9v sok felejthetetlen pillanatot hozott \u00d6n\u00f6knek a Kik\u00f6t\u0151nkben!<\/p>\n<p><b>Kar\u00e1csonyi K\u00fcl\u00f6nleges Aj\u00e1nlataink<\/b><br>A kar\u00e1csonyi id\u0151szak alkalm\u00e1b\u00f3l exkluz\u00edv kedvezm\u00e9nyekkel k\u00e9sz\u00fclt\u00fcnk, amelyek seg\u00edts\u00e9g\u00e9vel 2026-os szezonj\u00e1t kedvez\u0151 felt\u00e9telekkel tervezheti meg:<\/p>\n<p><b>T\u00e9li pr\u00f3bat\u00e1rol\u00e1s &#8211; Kedvezm\u00e9nnyel<\/b><br>Hozza el haj\u00f3j\u00e1t \u00e9s pr\u00f3b\u00e1lja ki kik\u00f6t\u0151nket ezen a t\u00e9len! A v\u00edzen t\u00e1rol\u00e1st kedvezm\u00e9nyes \u00e1ron veheti ig\u00e9nybe, \u00e9s szem\u00e9lyesen gy\u0151z\u0151dhet meg egyed\u00fcl\u00e1ll\u00f3 v\u00edz\u00e1ramoltat\u00f3 technol\u00f3gi\u00e1nkr\u00f3l.<\/p>\n<p><b>2026-os Szezon: Aj\u00e1nd\u00e9k t\u00e9li t\u00e1rol\u00e1s<\/b><br>Ha a 2026-os haj\u00f3z\u00e1si szezonra \u00e9ves szerz\u0151d\u00e9st k\u00f6t, a 2025-\u00f6s t\u00e9li v\u00edzen t\u00e1rol\u00e1s d\u00edj\u00e1t (2025.11.01\u20132026.03.31.) aj\u00e1nd\u00e9kba adjuk! \u00cdgy haj\u00f3ja biztons\u00e1gban marad a v\u00e9dett \u00dajpesti-\u00f6b\u00f6lben, mik\u00f6zben \u00d6n k\u00f6lts\u00e9geket takar\u00edt meg.<\/p>\n<p><b>Korai foglal\u00e1si kedvezm\u00e9ny<\/b><br>K\u00f6sse meg a 2026-os \u00e9vre sz\u00f3l\u00f3 szerz\u0151d\u00e9s\u00e9t 2026. febru\u00e1r 28-ig, \u00e9s 10% kedvezm\u00e9nyt adunk az \u00e9ves \u00e9s szezon\u00e1lis b\u00e9rleti d\u00edjb\u00f3l! Ez a kombin\u00e1lhat\u00f3 a t\u00e9li t\u00e1rol\u00e1si aj\u00e1nd\u00e9kunkkal is.<\/p>\n<p><b>Kar\u00e1csonyi Aj\u00e1nd\u00e9kutalv\u00e1ny<\/b><br>Meglepet\u00e9s a fa al\u00e1? V\u00e1s\u00e1roljon 30% kedvezm\u00e9nyre jogos\u00edt\u00f3 aj\u00e1nd\u00e9kutalv\u00e1nyt, melyet 2026 \u00e9v v\u00e9g\u00e9ig b\u00e1rmikor felhaszn\u00e1lhat! Ha \u00e9ves kik\u00f6t\u0151hely-b\u00e9rl\u00e9sre haszn\u00e1lj\u00e1k fel, az utalv\u00e1ny kombin\u00e1lhat\u00f3 2026-os szezonaj\u00e1nlatunkkal, \u00edgy a 30% mell\u00e9 a t\u00e9li t\u00e1rol\u00e1s is ingyenes lesz!<\/p>\n<p><b>Mi\u00e9rt a Prestige Yacht Club?<\/b><br>V\u00e9dett \u00f6b\u00f6l \u2013 biztons\u00e1gos kik\u00f6t\u00e9s eg\u00e9sz \u00e9vben<br>T\u00e9li t\u00e1rol\u00e1s a v\u00edzen \u2013 egyed\u00fcl\u00e1ll\u00f3 v\u00edz\u00e1ramoltat\u00f3 technol\u00f3gia<br>Bar\u00e1ts\u00e1gos k\u00f6z\u00f6ss\u00e9g \u2013 programok, klubestek, haj\u00f3s oktat\u00e1s<br>Modern infrastrukt\u00fara \u2013 meg\u00fajult vizesblokkok, 24 \u00f3r\u00e1s fel\u00fcgyelet<br>Tagi kedvezm\u00e9ny a Melba Bistro-ban<br>Aj\u00e1nd\u00e9k pihen\u00e9s a Prestige Yacht Resort \u00fasz\u00f3 nyaral\u00f3haj\u00f3in<\/p>\n<p><b>Vegye fel vel\u00fcnk a kapcsolatot!<\/b><br>Ne hagyja ki ezeket a limit\u00e1lt aj\u00e1nlatokat! Munkat\u00e1rsaink k\u00e9szs\u00e9ggel \u00e1llnak rendelkez\u00e9s\u00e9re szem\u00e9lyre szabott aj\u00e1nlat \u00f6ssze\u00e1ll\u00edt\u00e1s\u00e1hoz.<br>Telefon: +36 30 288 3091<br>E-mail: <a href=\"mailto:info@prestigeyachclub.com\">info@prestigeyachclub.com<\/a><br>Website: <a href=\"https:\/\/prestigeyachtclub.com\/en\/\">www.prestigeyachtclub.com<\/a><\/p>\n<p>K\u00edv\u00e1nunk \u00d6nnek \u00e9s csal\u00e1dj\u00e1nak b\u00e9k\u00e9s, meghitt kar\u00e1csonyi \u00fcnnepeket \u00e9s sikerekben gazdag, boldog \u00faj \u00e9vet! V\u00e1rjuk 2026-ban is kik\u00f6t\u0151nkben!<\/p>\n<p>2025. december<\/p>\n<p>\u00dcdv\u00f6zlettel,<\/p>\n<p>A Prestige Yacht Club Csapata<\/p>\n<p>P.S.: Ne feledje \u2013 aj\u00e1nl\u00f3i programunkkal -10% kedvezm\u00e9nyt kaphat k\u00f6vetkez\u0151 b\u00e9rleti d\u00edj\u00e1b\u00f3l, ha bar\u00e1tait aj\u00e1nlja klubunkba!<\/p>\t\t\t\t\t\t\t\t<\/div>\n\t\t\t\t<\/div>\n\t\t\t\t<\/div>\n\t\t\t\t<\/div>\n\t\t<div class=\"elementor-element elementor-element-17fb4274 e-con-full main_container custom-container sec-height e-flex e-con e-parent\" data-id=\"17fb4274\" data-element_type=\"container\" data-settings=\"{&quot;background_background&quot;:&quot;classic&quot;}\">\n\t\t<div class=\"elementor-element elementor-element-5d566702 e-con-full e-flex e-con e-child\" data-id=\"5d566702\" data-element_type=\"container\" data-settings=\"{&quot;background_background&quot;:&quot;classic&quot;}\">\n\t\t\t\t<div class=\"elementor-element elementor-element-49cbc021 title elementor-widget elementor-widget-heading\" data-id=\"49cbc021\" data-element_type=\"widget\" data-widget_type=\"heading.default\">\n\t\t\t\t<div class=\"elementor-widget-container\">\n\t\t\t\t\t<h2 class=\"elementor-heading-title elementor-size-default\">CONTACT<\/h2>\t\t\t\t<\/div>\n\t\t\t\t<\/div>\n\t\t\t\t<div class=\"elementor-element elementor-element-64498a2f elementor-widget elementor-widget-image\" data-id=\"64498a2f\" data-element_type=\"widget\" data-widget_type=\"image.default\">\n\t\t\t\t<div class=\"elementor-widget-container\">\n\t\t\t\t\t\t\t\t\t\t\t\t\t\t\t<img decoding=\"async\" width=\"1590\" height=\"1050\" src=\"https:\/\/prestigeyachtclub.com\/wp-content\/uploads\/2025\/10\/main-image-01c.jpg\" class=\"attachment-full size-full wp-image-3112\" alt=\"\" srcset=\"https:\/\/prestigeyachtclub.com\/wp-content\/uploads\/2025\/10\/main-image-01c.jpg 1590w, https:\/\/prestigeyachtclub.com\/wp-content\/uploads\/2025\/10\/main-image-01c-300x198.jpg 300w, https:\/\/prestigeyachtclub.com\/wp-content\/uploads\/2025\/10\/main-image-01c-1024x676.jpg 1024w, https:\/\/prestigeyachtclub.com\/wp-content\/uploads\/2025\/10\/main-image-01c-768x507.jpg 768w, https:\/\/prestigeyachtclub.com\/wp-content\/uploads\/2025\/10\/main-image-01c-200x132.jpg 200w, https:\/\/prestigeyachtclub.com\/wp-content\/uploads\/2025\/10\/main-image-01c-1536x1014.jpg 1536w\" sizes=\"(max-width: 1590px) 100vw, 1590px\" \/>\t\t\t\t\t\t\t\t\t\t\t\t\t\t\t<\/div>\n\t\t\t\t<\/div>\n\t\t<div class=\"elementor-element elementor-element-3173a59c e-con-full e-flex e-con e-child\" data-id=\"3173a59c\" data-element_type=\"container\">\n\t\t\t\t<div class=\"elementor-element elementor-element-2c9f34ba elementor-view-stacked elementor-widget__width-auto elementor-shape-circle elementor-widget elementor-widget-icon\" data-id=\"2c9f34ba\" data-element_type=\"widget\" data-widget_type=\"icon.default\">\n\t\t\t\t<div class=\"elementor-widget-container\">\n\t\t\t\t\t\t\t<div class=\"elementor-icon-wrapper\">\n\t\t\t<div class=\"elementor-icon\">\n\t\t\t<svg aria-hidden=\"true\" class=\"e-font-icon-svg e-fas-phone-alt\" viewbox=\"0 0 512 512\" xmlns=\"http:\/\/www.w3.org\/2000\/svg\"><path d=\"M497.39 361.8l-112-48a24 24 0 0 0-28 6.9l-49.6 60.6A370.66 370.66 0 0 1 130.6 204.11l60.6-49.6a23.94 23.94 0 0 0 6.9-28l-48-112A24.16 24.16 0 0 0 122.6.61l-104 24A24 24 0 0 0 0 48c0 256.5 207.9 464 464 464a24 24 0 0 0 23.4-18.6l24-104a24.29 24.29 0 0 0-14.01-27.6z\"><\/path><\/svg>\t\t\t<\/div>\n\t\t<\/div>\n\t\t\t\t\t\t<\/div>\n\t\t\t\t<\/div>\n\t\t<div class=\"elementor-element elementor-element-109135db e-con-full e-flex e-con e-child\" data-id=\"109135db\" data-element_type=\"container\">\n\t\t\t\t<div class=\"elementor-element elementor-element-da9235d elementor-widget elementor-widget-heading\" data-id=\"da9235d\" data-element_type=\"widget\" data-widget_type=\"heading.default\">\n\t\t\t\t<div class=\"elementor-widget-container\">\n\t\t\t\t\t<h3 class=\"elementor-heading-title elementor-size-default\">Telephone<\/h3>\t\t\t\t<\/div>\n\t\t\t\t<\/div>\n\t\t\t\t<div class=\"elementor-element elementor-element-2e507a62 elementor-widget elementor-widget-text-editor\" data-id=\"2e507a62\" data-element_type=\"widget\" data-widget_type=\"text-editor.default\">\n\t\t\t\t<div class=\"elementor-widget-container\">\n\t\t\t\t\t\t\t\t\t<p>+36 30 747 9794<\/p>\t\t\t\t\t\t\t\t<\/div>\n\t\t\t\t<\/div>\n\t\t\t\t<\/div>\n\t\t\t\t<\/div>\n\t\t<div class=\"elementor-element elementor-element-4d8a1b84 e-con-full e-flex e-con e-child\" data-id=\"4d8a1b84\" data-element_type=\"container\">\n\t\t\t\t<div class=\"elementor-element elementor-element-178bb3b3 elementor-view-stacked elementor-widget__width-auto elementor-shape-circle elementor-widget elementor-widget-icon\" data-id=\"178bb3b3\" data-element_type=\"widget\" data-widget_type=\"icon.default\">\n\t\t\t\t<div class=\"elementor-widget-container\">\n\t\t\t\t\t\t\t<div class=\"elementor-icon-wrapper\">\n\t\t\t<div class=\"elementor-icon\">\n\t\t\t<svg aria-hidden=\"true\" class=\"e-font-icon-svg e-fas-globe\" viewbox=\"0 0 496 512\" xmlns=\"http:\/\/www.w3.org\/2000\/svg\"><path d=\"M336.5 160C322 70.7 287.8 8 248 8s-74 62.7-88.5 152h177zM152 256c0 22.2 1.2 43.5 3.3 64h185.3c2.1-20.5 3.3-41.8 3.3-64s-1.2-43.5-3.3-64H155.3c-2.1 20.5-3.3 41.8-3.3 64zm324.7-96c-28.6-67.9-86.5-120.4-158-141.6 24.4 33.8 41.2 84.7 50 141.6h108zM177.2 18.4C105.8 39.6 47.8 92.1 19.3 160h108c8.7-56.9 25.5-107.8 49.9-141.6zM487.4 192H372.7c2.1 21 3.3 42.5 3.3 64s-1.2 43-3.3 64h114.6c5.5-20.5 8.6-41.8 8.6-64s-3.1-43.5-8.5-64zM120 256c0-21.5 1.2-43 3.3-64H8.6C3.2 212.5 0 233.8 0 256s3.2 43.5 8.6 64h114.6c-2-21-3.2-42.5-3.2-64zm39.5 96c14.5 89.3 48.7 152 88.5 152s74-62.7 88.5-152h-177zm159.3 141.6c71.4-21.2 129.4-73.7 158-141.6h-108c-8.8 56.9-25.6 107.8-50 141.6zM19.3 352c28.6 67.9 86.5 120.4 158 141.6-24.4-33.8-41.2-84.7-50-141.6h-108z\"><\/path><\/svg>\t\t\t<\/div>\n\t\t<\/div>\n\t\t\t\t\t\t<\/div>\n\t\t\t\t<\/div>\n\t\t<div class=\"elementor-element elementor-element-63bc40a1 e-con-full e-flex e-con e-child\" data-id=\"63bc40a1\" data-element_type=\"container\">\n\t\t\t\t<div class=\"elementor-element elementor-element-490c0cab elementor-widget elementor-widget-heading\" data-id=\"490c0cab\" data-element_type=\"widget\" data-widget_type=\"heading.default\">\n\t\t\t\t<div class=\"elementor-widget-container\">\n\t\t\t\t\t<h3 class=\"elementor-heading-title elementor-size-default\">Website<\/h3>\t\t\t\t<\/div>\n\t\t\t\t<\/div>\n\t\t\t\t<div class=\"elementor-element elementor-element-6a0295d6 elementor-widget elementor-widget-text-editor\" data-id=\"6a0295d6\" data-element_type=\"widget\" data-widget_type=\"text-editor.default\">\n\t\t\t\t<div class=\"elementor-widget-container\">\n\t\t\t\t\t\t\t\t\t<p><span style=\"font-weight: 400;\">\u00a0www.prestigeyachtclub.com<\/span><\/p>\t\t\t\t\t\t\t\t<\/div>\n\t\t\t\t<\/div>\n\t\t\t\t<\/div>\n\t\t\t\t<\/div>\n\t\t<div class=\"elementor-element elementor-element-4c48eda5 e-con-full e-flex e-con e-child\" data-id=\"4c48eda5\" data-element_type=\"container\">\n\t\t\t\t<div class=\"elementor-element elementor-element-c5b9edd elementor-view-stacked elementor-widget__width-auto elementor-shape-circle elementor-widget elementor-widget-icon\" data-id=\"c5b9edd\" data-element_type=\"widget\" data-widget_type=\"icon.default\">\n\t\t\t\t<div class=\"elementor-widget-container\">\n\t\t\t\t\t\t\t<div class=\"elementor-icon-wrapper\">\n\t\t\t<div class=\"elementor-icon\">\n\t\t\t<svg aria-hidden=\"true\" class=\"e-font-icon-svg e-far-envelope\" viewbox=\"0 0 512 512\" xmlns=\"http:\/\/www.w3.org\/2000\/svg\"><path d=\"M464 64H48C21.49 64 0 85.49 0 112v288c0 26.51 21.49 48 48 48h416c26.51 0 48-21.49 48-48V112c0-26.51-21.49-48-48-48zm0 48v40.805c-22.422 18.259-58.168 46.651-134.587 106.49-16.841 13.247-50.201 45.072-73.413 44.701-23.208.375-56.579-31.459-73.413-44.701C106.18 199.465 70.425 171.067 48 152.805V112h416zM48 400V214.398c22.914 18.251 55.409 43.862 104.938 82.646 21.857 17.205 60.134 55.186 103.062 54.955 42.717.231 80.509-37.199 103.053-54.947 49.528-38.783 82.032-64.401 104.947-82.653V400H48z\"><\/path><\/svg>\t\t\t<\/div>\n\t\t<\/div>\n\t\t\t\t\t\t<\/div>\n\t\t\t\t<\/div>\n\t\t<div class=\"elementor-element elementor-element-4b0c20c8 e-con-full e-flex e-con e-child\" data-id=\"4b0c20c8\" data-element_type=\"container\">\n\t\t\t\t<div class=\"elementor-element elementor-element-9f2f52e elementor-widget elementor-widget-heading\" data-id=\"9f2f52e\" data-element_type=\"widget\" data-widget_type=\"heading.default\">\n\t\t\t\t<div class=\"elementor-widget-container\">\n\t\t\t\t\t<h3 class=\"elementor-heading-title elementor-size-default\">E-mail<\/h3>\t\t\t\t<\/div>\n\t\t\t\t<\/div>\n\t\t\t\t<div class=\"elementor-element elementor-element-4e1dd20b elementor-widget elementor-widget-text-editor\" data-id=\"4e1dd20b\" data-element_type=\"widget\" data-widget_type=\"text-editor.default\">\n\t\t\t\t<div class=\"elementor-widget-container\">\n\t\t\t\t\t\t\t\t\t<p><span style=\"font-weight: 400;\">\u00a0info@prestigeyachtclub.com<\/span><\/p>\t\t\t\t\t\t\t\t<\/div>\n\t\t\t\t<\/div>\n\t\t\t\t<\/div>\n\t\t\t\t<\/div>\n\t\t<div class=\"elementor-element elementor-element-7508f3b4 e-con-full e-flex e-con e-child\" data-id=\"7508f3b4\" data-element_type=\"container\">\n\t\t\t\t<div class=\"elementor-element elementor-element-42968c04 elementor-view-stacked elementor-widget__width-auto elementor-shape-circle elementor-widget elementor-widget-icon\" data-id=\"42968c04\" data-element_type=\"widget\" data-widget_type=\"icon.default\">\n\t\t\t\t<div class=\"elementor-widget-container\">\n\t\t\t\t\t\t\t<div class=\"elementor-icon-wrapper\">\n\t\t\t<div class=\"elementor-icon\">\n\t\t\t<svg xmlns=\"http:\/\/www.w3.org\/2000\/svg\" viewbox=\"0 0 384 512\"><path d=\"M215.7 499.2C267 435 384 279.4 384 192C384 86 298 0 192 0S0 86 0 192c0 87.4 117 243 168.3 307.2c12.3 15.3 35.1 15.3 47.4 0zM192 128a64 64 0 1 1 0 128 64 64 0 1 1 0-128z\"><\/path><\/svg>\t\t\t<\/div>\n\t\t<\/div>\n\t\t\t\t\t\t<\/div>\n\t\t\t\t<\/div>\n\t\t<div class=\"elementor-element elementor-element-7f9c251c e-con-full e-flex e-con e-child\" data-id=\"7f9c251c\" data-element_type=\"container\">\n\t\t\t\t<div class=\"elementor-element elementor-element-438449a3 elementor-widget elementor-widget-heading\" data-id=\"438449a3\" data-element_type=\"widget\" data-widget_type=\"heading.default\">\n\t\t\t\t<div class=\"elementor-widget-container\">\n\t\t\t\t\t<h3 class=\"elementor-heading-title elementor-size-default\">Address<\/h3>\t\t\t\t<\/div>\n\t\t\t\t<\/div>\n\t\t\t\t<div class=\"elementor-element elementor-element-400e697d elementor-widget elementor-widget-text-editor\" data-id=\"400e697d\" data-element_type=\"widget\" data-widget_type=\"text-editor.default\">\n\t\t\t\t<div class=\"elementor-widget-container\">\n\t\t\t\t\t\t\t\t\t<p><span style=\"font-weight: 400;\">1039 Budapest, Meder u. 9.<\/span><\/p>\t\t\t\t\t\t\t\t<\/div>\n\t\t\t\t<\/div>\n\t\t\t\t<\/div>\n\t\t\t\t<\/div>\n\t\t\t\t<\/div>\n\t\t<div class=\"elementor-element elementor-element-3e7e660e e-con-full e-flex e-con e-child\" data-id=\"3e7e660e\" data-element_type=\"container\" data-settings=\"{&quot;background_background&quot;:&quot;classic&quot;}\">\n\t\t\t\t<div class=\"elementor-element elementor-element-38f4f211 elementor-widget elementor-widget-heading\" data-id=\"38f4f211\" data-element_type=\"widget\" data-widget_type=\"heading.default\">\n\t\t\t\t<div class=\"elementor-widget-container\">\n\t\t\t\t\t<h3 class=\"elementor-heading-title elementor-size-default\">GET IN TOUCH<\/h3>\t\t\t\t<\/div>\n\t\t\t\t<\/div>\n\t\t\t\t<div class=\"elementor-element elementor-element-464331d2 contact_form elementor-widget elementor-widget-shortcode\" data-id=\"464331d2\" data-element_type=\"widget\" data-widget_type=\"shortcode.default\">\n\t\t\t\t<div class=\"elementor-widget-container\">\n\t\t\t\t\t\t\t<div class=\"elementor-shortcode\"><style id=\"wpforms-css-vars-317\">\n\t\t\t\t#wpforms-317 {\n\t\t\t\t--wpforms-field-size-input-height: 43px;\n--wpforms-field-size-input-spacing: 15px;\n--wpforms-field-size-font-size: 16px;\n--wpforms-field-size-line-height: 19px;\n--wpforms-field-size-padding-h: 14px;\n--wpforms-field-size-checkbox-size: 16px;\n--wpforms-field-size-sublabel-spacing: 5px;\n--wpforms-field-size-icon-size: 1;\n--wpforms-label-size-font-size: 16px;\n--wpforms-label-size-line-height: 19px;\n--wpforms-label-size-sublabel-font-size: 14px;\n--wpforms-label-size-sublabel-line-height: 17px;\n--wpforms-button-size-font-size: 17px;\n--wpforms-button-size-height: 41px;\n--wpforms-button-size-padding-h: 15px;\n--wpforms-button-size-margin-top: 10px;\n--wpforms-container-shadow-size-box-shadow: none;\n\t\t\t}\n\t\t\t<\/style><div class=\"wpforms-container wpforms-container-full wpforms-render-modern\" id=\"wpforms-317\"><form id=\"wpforms-form-317\" class=\"wpforms-validate wpforms-form wpforms-ajax-form\" data-formid=\"317\" method=\"post\" enctype=\"multipart\/form-data\" action=\"\/en\/wp-json\/wp\/v2\/pages\/4049\" data-token=\"348a21ce0f5bad1e239fb7d3e128ff4b\" data-token-time=\"1776957324\" data-trp-original-action=\"\/en\/wp-json\/wp\/v2\/pages\/4049\"><noscript class=\"wpforms-error-noscript\">Please enable JavaScript in your browser to complete this form.<\/noscript><div id=\"wpforms-error-noscript\" style=\"display: none;\">Please enable JavaScript in your browser to complete this form.<\/div><div class=\"wpforms-field-container\"><div id=\"wpforms-317-field_1-container\" class=\"wpforms-field wpforms-field-name\" data-field-id=\"1\"><label class=\"wpforms-field-label\" for=\"wpforms-317-field_1\">Full name: <span class=\"wpforms-required-label\" aria-hidden=\"true\">*<\/span><\/label><input type=\"text\" id=\"wpforms-317-field_1\" class=\"wpforms-field-large wpforms-field-required\" name=\"wpforms[fields][1]\" aria-errormessage=\"wpforms-317-field_1-error\" required><\/div><div id=\"wpforms-317-field_3-container\" class=\"wpforms-field wpforms-field-email\" data-field-id=\"3\"><label class=\"wpforms-field-label\" for=\"wpforms-317-field_3\">E-mail : <span class=\"wpforms-required-label\" aria-hidden=\"true\">*<\/span><\/label><input type=\"email\" id=\"wpforms-317-field_3\" class=\"wpforms-field-large wpforms-field-required\" name=\"wpforms[fields][3]\" spellcheck=\"false\" aria-errormessage=\"wpforms-317-field_3-error\" required><\/div>\t\t<div id=\"wpforms-317-field_5-container\"\n\t\t\tclass=\"wpforms-field wpforms-field-text\"\n\t\t\tdata-field-type=\"text\"\n\t\t\tdata-field-id=\"5\"\n\t\t\t>\n\t\t\t<label class=\"wpforms-field-label\" for=\"wpforms-317-field_5\" >n\u00e9v: E-mail Teljes<\/label>\n\t\t\t<input type=\"text\" id=\"wpforms-317-field_5\" class=\"wpforms-field-medium\" name=\"wpforms[fields][5]\" >\n\t\t<\/div>\n\t\t<div id=\"wpforms-317-field_2-container\" class=\"wpforms-field wpforms-field-number\" data-field-id=\"2\"><label class=\"wpforms-field-label\" for=\"wpforms-317-field_2\">Phone:<\/label><input type=\"number\" id=\"wpforms-317-field_2\" class=\"wpforms-field-large\" name=\"wpforms[fields][2]\" step=\"any\" aria-errormessage=\"wpforms-317-field_2-error\" ><\/div><div id=\"wpforms-317-field_4-container\" class=\"wpforms-field wpforms-field-textarea\" data-field-id=\"4\"><label class=\"wpforms-field-label\" for=\"wpforms-317-field_4\">Message:<\/label><textarea id=\"wpforms-317-field_4\" class=\"wpforms-field-medium\" name=\"wpforms[fields][4]\" aria-errormessage=\"wpforms-317-field_4-error\" ><\/textarea><\/div><script>\n\t\t\t\t( function() {\n\t\t\t\t\tconst style = document.createElement( 'style' );\n\t\t\t\t\tstyle.appendChild( document.createTextNode( '#wpforms-317-field_5-container { position: absolute !important; overflow: hidden !important; display: inline !important; height: 1px !important; width: 1px !important; z-index: -1000 !important; padding: 0 !important; } #wpforms-317-field_5-container input { visibility: hidden; } #wpforms-conversational-form-page #wpforms-317-field_5-container label { counter-increment: none; }' ) );\n\t\t\t\t\tdocument.head.appendChild( style );\n\t\t\t\t\tdocument.currentScript?.remove();\n\t\t\t\t} )();\n\t\t\t<\/script><\/div><!-- .wpforms-field-container --><div class=\"wpforms-recaptcha-container wpforms-is-recaptcha wpforms-is-recaptcha-type-v2\" ><div class=\"g-recaptcha\" data-sitekey=\"6LfzfzUsAAAAACWTcjWVmJEpU8uLKHMa3EWmBD5y\"><\/div><input type=\"text\" name=\"g-recaptcha-hidden\" class=\"wpforms-recaptcha-hidden\" style=\"position:absolute!important;clip:rect(0,0,0,0)!important;height:1px!important;width:1px!important;border:0!important;overflow:hidden!important;padding:0!important;margin:0!important;\" data-rule-recaptcha=\"1\"><\/div><div class=\"wpforms-submit-container\" ><input type=\"hidden\" name=\"wpforms[id]\" value=\"317\"><input type=\"hidden\" name=\"page_title\" value=\"\"><input type=\"hidden\" name=\"page_url\" value=\"https:\/\/prestigeyachtclub.com\/en\/wp-json\/wp\/v2\/pages\/4049\"><input type=\"hidden\" name=\"url_referer\" value=\"\"><button type=\"submit\" name=\"wpforms[submit]\" id=\"wpforms-submit-317\" class=\"wpforms-submit\" data-alt-text=\"Sending...\" data-submit-text=\"Bek\u00fcld\" aria-live=\"assertive\" value=\"wpforms-submit\">Submit<\/button><img decoding=\"async\" src=\"https:\/\/prestigeyachtclub.com\/wp-content\/plugins\/wpforms\/assets\/images\/submit-spin.svg\" class=\"wpforms-submit-spinner\" style=\"display: none;\" width=\"26\" height=\"26\" alt=\"Loading\"><\/div><input type=\"hidden\" name=\"trp-form-language\" value=\"en\"\/><\/form><\/div>  <!-- .wpforms-container --> <\/div>\n\t\t\t\t\t\t<\/div>\n\t\t\t\t<\/div>\n\t\t\t\t<\/div>\n\t\t\t\t<\/div>\n\t\t\t\t<\/div>","protected":false},"excerpt":{"rendered":"<p>H\u00cdRLEV\u00c9L KEDVES HAJ\u00d3S BAR\u00c1TAINK! Az \u00e9v v\u00e9g\u00e9hez k\u00f6zeledve szeretn\u00e9nk megk\u00f6sz\u00f6nni bizalmukat \u00e9s t\u00e1mogat\u00e1sukat, amellyel id\u00e9n is megtisztelt\u00e9k klubunkat. Rem\u00e9lj\u00fck, hogy az elm\u00falt \u00e9v sok felejthetetlen pillanatot hozott \u00d6n\u00f6knek a Kik\u00f6t\u0151nkben! Kar\u00e1csonyi K\u00fcl\u00f6nleges Aj\u00e1nlatainkA kar\u00e1csonyi id\u0151szak alkalm\u00e1b\u00f3l exkluz\u00edv kedvezm\u00e9nyekkel k\u00e9sz\u00fclt\u00fcnk, amelyek seg\u00edts\u00e9g\u00e9vel 2026-os szezonj\u00e1t kedvez\u0151 felt\u00e9telekkel tervezheti meg: T\u00e9li pr\u00f3bat\u00e1rol\u00e1s &#8211; Kedvezm\u00e9nnyelHozza el haj\u00f3j\u00e1t \u00e9s pr\u00f3b\u00e1lja [&hellip;]<\/p>","protected":false},"author":2,"featured_media":0,"parent":0,"menu_order":0,"comment_status":"closed","ping_status":"closed","template":"elementor_header_footer","meta":{"inline_featured_image":false,"footnotes":""},"class_list":["post-4049","page","type-page","status-publish","hentry","entry"],"_links":{"self":[{"href":"https:\/\/prestigeyachtclub.com\/en\/wp-json\/wp\/v2\/pages\/4049","targetHints":{"allow":["GET"]}}],"collection":[{"href":"https:\/\/prestigeyachtclub.com\/en\/wp-json\/wp\/v2\/pages"}],"about":[{"href":"https:\/\/prestigeyachtclub.com\/en\/wp-json\/wp\/v2\/types\/page"}],"author":[{"embeddable":true,"href":"https:\/\/prestigeyachtclub.com\/en\/wp-json\/wp\/v2\/users\/2"}],"replies":[{"embeddable":true,"href":"https:\/\/prestigeyachtclub.com\/en\/wp-json\/wp\/v2\/comments?post=4049"}],"version-history":[{"count":25,"href":"https:\/\/prestigeyachtclub.com\/en\/wp-json\/wp\/v2\/pages\/4049\/revisions"}],"predecessor-version":[{"id":4176,"href":"https:\/\/prestigeyachtclub.com\/en\/wp-json\/wp\/v2\/pages\/4049\/revisions\/4176"}],"wp:attachment":[{"href":"https:\/\/prestigeyachtclub.com\/en\/wp-json\/wp\/v2\/media?parent=4049"}],"curies":[{"name":"wp","href":"https:\/\/api.w.org\/{rel}","templated":true}]}}