{"id":3018,"date":"2025-10-22T12:33:14","date_gmt":"2025-10-22T12:33:14","guid":{"rendered":"https:\/\/prestigeyachtclub.com\/?page_id=3018"},"modified":"2026-01-21T19:57:45","modified_gmt":"2026-01-21T19:57:45","slug":"jogi-nyilatkozat","status":"publish","type":"page","link":"https:\/\/prestigeyachtclub.com\/en\/jogi-nyilatkozat\/","title":{"rendered":"Legal Statement"},"content":{"rendered":"<div data-elementor-type=\"wp-page\" data-elementor-id=\"3018\" class=\"elementor elementor-3018\" data-elementor-post-type=\"page\">\n\t\t\t\t<div class=\"elementor-element elementor-element-3314269 main_container custom-container e-con-full e-flex e-con e-parent\" data-id=\"3314269\" data-element_type=\"container\" data-settings=\"{&quot;background_background&quot;:&quot;classic&quot;}\">\n\t\t<div class=\"elementor-element elementor-element-25b3206 e-con-full e-flex e-con e-child\" data-id=\"25b3206\" data-element_type=\"container\" data-settings=\"{&quot;background_background&quot;:&quot;classic&quot;}\">\n\t\t\t\t<div class=\"elementor-element elementor-element-536bab2 elementor-widget__width-auto tit ardest-text-hoz elementor-invisible elementor-widget elementor-widget-heading\" data-id=\"536bab2\" data-element_type=\"widget\" data-settings=\"{&quot;_animation&quot;:&quot;fadeInRight&quot;}\" data-widget_type=\"heading.default\">\n\t\t\t\t<div class=\"elementor-widget-container\">\n\t\t\t\t\t<h2 class=\"elementor-heading-title elementor-size-default\">Legal Statement <\/h2>\t\t\t\t<\/div>\n\t\t\t\t<\/div>\n\t\t\t\t<div class=\"elementor-element elementor-element-0a8a2b7 elementor-widget elementor-widget-text-editor\" data-id=\"0a8a2b7\" data-element_type=\"widget\" data-widget_type=\"text-editor.default\">\n\t\t\t\t<div class=\"elementor-widget-container\">\n\t\t\t\t\t\t\t\t\t<p>Prestige Kik\u00f6t\u0151 \u00dczemeltet\u0151 Kft. (hereinafter: the Operator) informs you that viewing, browsing, and submitting bookings on its websites constitutes acceptance of the following terms.<\/p><p>The content found on the Operator's websites\u2014including information, descriptions, images, graphic elements, logos, as well as any individual, original solutions and displayed products\u2014is protected by copyright. The Operator reserves all rights. Without the Operator's prior written consent, it is prohibited to reproduce, transfer, distribute, or store the entirety or any part of the website content in any form.<\/p><p>The website content is to be understood as originally described, without modification. Unless otherwise provided by law, the Operator provides no warranty regarding the accuracy, reliability, or content of the websites. The Operator reserves the right to modify, redesign, restrict access to, or discontinue its websites at any time. The Operator does not guarantee that access to the websites will be continuous or error-free. The Operator expressly excludes liability for damages and\/or losses arising from access to the websites, direct or indirect use of information, documents, or other written materials available there, the website's unsuitable condition for use, improper functioning, deficiencies, possible malfunctions, or ambiguities.<\/p><p>The names and logos of companies mentioned on the website that have protected names and logos are trademarks of the respective companies. The Operator assumes no responsibility for materials created or published by third parties to which the websites link.<\/p><p>Since the Operator cannot guarantee either the server's or the server's internet connection's continuous, 100% operation, nor completely exclude unauthorized third-party access, it assumes no liability for damages resulting from possible server malfunction, unavailability, or alteration of website content by third parties.<\/p><p>If you provide any data or written materials to the Operator (e.g., by email or through the websites), you thereby acknowledge and recognize that it is suitable for public disclosure. You accept that the Operator may\u2014without any liability\u2014publish it or use its content (in part or in whole). You undertake not to initiate legal proceedings against the Operator regarding the data or materials you have provided, and in case of third-party claims, you shall indemnify the Operator.<\/p><p>Please note that by submitting a booking on the website, you simultaneously acknowledge the provisions of our Data Protection Policy and consent to the processing and handling of your personal data to the extent necessary for contract fulfillment.<\/p><p>The website may contain links to external websites. Data processing on these external sites is independent of the Operator, and we assume no responsibility for them.<\/p><p>The prices displayed on the website are indicative and may be changed by the Operator at any time.<\/p>\t\t\t\t\t\t\t\t<\/div>\n\t\t\t\t<\/div>\n\t\t\t\t<\/div>\n\t\t\t\t<\/div>\n\t\t\t\t<\/div>","protected":false},"excerpt":{"rendered":"<p>Jogi nyilatkozat A Prestige Kik\u00f6t\u0151 \u00dczemeltet\u0151 Kft. (a tov\u00e1bbiakban: \u00dczemeltet\u0151) t\u00e1j\u00e9koztatja \u00d6nt, hogy honlapjainak megtekint\u00e9se, b\u00f6ng\u00e9sz\u00e9se \u00e9s foglal\u00e1s lead\u00e1sa az al\u00e1bbi felt\u00e9telek elfogad\u00e1s\u00e1t jelenti. Az \u00dczemeltet\u0151 honlapjain tal\u00e1lhat\u00f3 tartalom \u2013 ide\u00e9rtve a t\u00e1j\u00e9koztat\u00f3kat, le\u00edr\u00e1sokat, k\u00e9peket, grafikai elemeket, log\u00f3kat, valamint b\u00e1rmely egy\u00e9ni, eredeti megold\u00e1st \u00e9s a megjelen\u0151 term\u00e9keket \u2013 szerz\u0151i jogv\u00e9delem alatt \u00e1ll. Az \u00dczemeltet\u0151 minden [&hellip;]<\/p>","protected":false},"author":4,"featured_media":0,"parent":0,"menu_order":0,"comment_status":"closed","ping_status":"closed","template":"elementor_header_footer","meta":{"inline_featured_image":false,"footnotes":""},"class_list":["post-3018","page","type-page","status-publish","hentry","entry"],"_links":{"self":[{"href":"https:\/\/prestigeyachtclub.com\/en\/wp-json\/wp\/v2\/pages\/3018","targetHints":{"allow":["GET"]}}],"collection":[{"href":"https:\/\/prestigeyachtclub.com\/en\/wp-json\/wp\/v2\/pages"}],"about":[{"href":"https:\/\/prestigeyachtclub.com\/en\/wp-json\/wp\/v2\/types\/page"}],"author":[{"embeddable":true,"href":"https:\/\/prestigeyachtclub.com\/en\/wp-json\/wp\/v2\/users\/4"}],"replies":[{"embeddable":true,"href":"https:\/\/prestigeyachtclub.com\/en\/wp-json\/wp\/v2\/comments?post=3018"}],"version-history":[{"count":16,"href":"https:\/\/prestigeyachtclub.com\/en\/wp-json\/wp\/v2\/pages\/3018\/revisions"}],"predecessor-version":[{"id":4502,"href":"https:\/\/prestigeyachtclub.com\/en\/wp-json\/wp\/v2\/pages\/3018\/revisions\/4502"}],"wp:attachment":[{"href":"https:\/\/prestigeyachtclub.com\/en\/wp-json\/wp\/v2\/media?parent=3018"}],"curies":[{"name":"wp","href":"https:\/\/api.w.org\/{rel}","templated":true}]}}